{"id":1536,"date":"2022-01-28T01:29:58","date_gmt":"2022-01-28T00:29:58","guid":{"rendered":"https:\/\/www.tekim.hr\/?page_id=1536"},"modified":"2022-05-14T21:54:26","modified_gmt":"2022-05-14T19:54:26","slug":"paneli","status":"publish","type":"page","link":"https:\/\/www.tekim.hr\/hu\/proizvodi\/paneli\/","title":{"rendered":"Paneli"},"content":{"rendered":"<section class=\"ffb-id-5cffak8q fg-section fg-text-dark\"><div class=\"fg-container container fg-container-large fg-container-lvl--1 \"><div class=\"fg-row row    \" ><div class=\"ffb-id-5cffak8r fg-col col-xs-12 col-md-12 fg-el-has-bg fg-text-dark\"><span class=\"fg-bg\"><span data-fg-bg=\"{&quot;type&quot;:&quot;color&quot;,&quot;opacity&quot;:1,&quot;color&quot;:&quot;#ffffff&quot;}\" class=\"fg-bg-layer fg-bg-type-color \" style=\"opacity: 1; background-color: #ffffff;\"><\/span><\/span><div class=\"ffb-id-5cns76mf fg-text-dark\">[ff_template id='1169']<\/div><h1 class=\"ffb-id-5c6amvgr fg-heading text-left    fg-text-dark\">PANELI<\/h1><div class=\"ffb-id-5c6c6fbe fg-paragraph ff-richtext text-left    fg-text-dark\"><\/p>\n<p>U proizvodnom asortimanu imamo &scaron;iroki izbor panela za razli\u010dite vrste namjena:<\/p>\n<p><\/div><div class=\"ffb-id-5ihpon38 fg-row row fg-row-no-gutter    fg-text-dark\"><div class=\"ffb-id-5ihpoq3q fg-col col-xs-12 col-md-4 fg-text-dark\"><div class=\"ffb-id-5ihpp33u fg-paragraph ff-richtext text-left    fg-text-dark\"><\/p>\n<ul>\n<li>DVORI&Scaron;NE OGRADE I VRATA<\/li>\n<li>OGRADE UZ STEPENICE<\/li>\n<li>BALKONSKE OGRADE<\/li>\n<\/ul>\n<p><\/div><\/div><div class=\"ffb-id-5ihpq3n0 fg-col col-xs-12 col-md-3 fg-text-dark\"><div class=\"ffb-id-5ijk6cg5 fg-paragraph ff-richtext text-left    fg-text-dark\"><\/p>\n<ul>\n<li>PREGRADE<\/li>\n<li>NADSTRE&Scaron;NICE<\/li>\n<\/ul>\n<p><\/div><\/div><div class=\"ffb-id-5ijk4ksk fg-col col-xs-12 col-md-3 fg-text-dark\"><div class=\"ffb-id-5ijk4ksl fg-paragraph ff-richtext text-left    fg-text-dark\"><\/p>\n<ul>\n<li>DEKORATIVNE PLOHE<\/li>\n<li>KLIZNE STIJENE<\/li>\n<\/ul>\n<p><\/div><\/div><\/div><div class=\"ffb-id-5ihpnou8 fg-paragraph ff-richtext text-left    fg-text-dark\"><\/p>\n<p>Paneli mogu biti izra\u0111eni od razli\u010ditih materijala (aluminija, crnog pocin\u010danog lima i inoksa) s plastifikacijom u \u017eeljenoj boji. Boje panela i uzorci perforacije su gotovo neograni\u010deni. Mo\u017ee se odabrati izme\u0111u brojnih dizajna koje nudimo ili pak, u suradnji s nama, izraditi vlastiti jedinstveni dizajn. U tom slu\u010daju &scaron;aljemo vam grafi\u010dki prikaz panela u dwg ili dxf formatu na koji ume\u0107ete svoj uzorak te nam ga vra\u0107ate u istom dwg ili dxf formatu.<\/p>\n<p><\/div><\/div><div class=\"ffb-id-5ijh4v5j fg-col col-xs-12 col-md-12 fg-text-dark\"><div class=\"ffb-id-5ijh4v5k fg-row row     fg-text-dark\"><div class=\"ffb-id-5ijh4v60 fg-col col-xs-12 col-md-2 hidden-xs hidden-sm fg-text-dark\"><\/div><div class=\"ffb-id-5ijh4v61 fg-col col-xs-12 col-md-4 tkm-rub fg-text-dark\"><a class=\"ffb-id-5ijh4v64 responsive-image-wrapper fg-text-dark\" href=\"\/wp-content\/uploads\/2022\/01\/TEKIM-katalog-OGRADE-I-PANELI-2022.pdf\" target=\"_blank\"><img decoding=\"async\"  class=\"fg-image  img-responsive full-width\"  src=\"https:\/\/www.tekim.hr\/wp-content\/uploads\/2022\/01\/tekim-katalog-ograde-i-paneli-2022.jpg\"  alt=\"tekim-katalog-ograde-i-paneli-2022\"  title=\"\"   =\"\" ><\/a><h4 class=\"ffb-id-5ijh4v65 fg-heading text-center    tkm-pdf fg-text-dark\"><a href=\"\/wp-content\/uploads\/2022\/01\/TEKIM-katalog-OGRADE-I-PANELI-2022.pdf\"  target=\"_blank\" ><strong>TEKIM OGRADE I PANELI 2022<\/strong><br \/>\n<span class=\"tkm-pdf\"><i class=\"ff-font-awesome4 icon-file-pdf-o \"><\/i> PDF 5,3Mb<\/span><\/a><\/h4><\/div><div class=\"ffb-id-5ijh4v66 fg-col col-xs-12 col-md-4 tkm-rub fg-text-dark\"><a class=\"ffb-id-5ijh4v69 responsive-image-wrapper fg-text-dark\" href=\"\/wp-content\/uploads\/2022\/01\/TEKIM-katalog-Uzorci-perforacija-panela.pdf\"><img decoding=\"async\"  class=\"fg-image  img-responsive full-width\"  src=\"https:\/\/www.tekim.hr\/wp-content\/uploads\/2022\/01\/tekim-katalog-uzorci-perforacija-panela.jpg\"  alt=\"tekim-katalog-uzorci-perforacija-panela\"  title=\"\"   =\"\" ><\/a><h4 class=\"ffb-id-5ijh4v6a fg-heading text-center    tkm-pdf fg-text-dark\"><a href=\"\/wp-content\/uploads\/2022\/01\/TEKIM-katalog-OGRADE-I-PANELI-2022.pdf\"  target=\"_blank\" ><strong>UZORCI PERFORACIJA PANELA<\/strong><br \/>\n<span class=\"tkm-pdf\"><i class=\"ff-font-awesome4 icon-file-pdf-o \"><\/i> PDF 1,6Mb<\/span><\/a><\/h4><\/div><\/div><\/div><div class=\"ffb-id-5cikq9l7 fg-col col-xs-12 col-md-12 fg-text-dark\"><section class=\"ffb-id-5cikr23g ff-portfolio-columns-js theme-portfolio portfolio-classic-1 ff-gallery-based-on-portfolio fg-text-dark\" data-settings=\"{&quot;portfolio-type&quot;:&quot;grid&quot;,&quot;columns-lg&quot;:&quot;4&quot;,&quot;columns-md&quot;:&quot;4&quot;,&quot;columns-sm&quot;:&quot;2&quot;,&quot;columns-xs&quot;:&quot;1&quot;,&quot;vertical-gap&quot;:&quot;10&quot;,&quot;horizontal-gap&quot;:&quot;10&quot;,&quot;default-filter&quot;:&quot;*&quot;,&quot;lightbox-counter&quot;:&quot;&quot;,&quot;points-to&quot;:&quot;cbp-lightbox&quot;,&quot;portfolio-animation&quot;:&quot;fadeInToTop&quot;,&quot;display-type-speed&quot;:&quot;500&quot;,&quot;lightbox-gallery&quot;:true}\"><div class=\"ff-portfolio-grid-wrapper\"><div class=\"ff-portfolio-grid cbp\"><div class=\"cbp-item theme-portfolio-item-v2  fg-text-dark ffb-post-wrapper\"><div class=\"cbp-caption fg-text-dark ffb-featured-image-1\"><div class=\"cbp-caption-defaultWrap theme-portfolio-active-wrap\"><a href=\"https:\/\/www.tekim.hr\/wp-content\/uploads\/2022\/01\/tekim-proizvodi-paneli-01.jpg\" class=\"cbp-lightbox\" data-title=\"\"><img decoding=\"async\" class=\" img-responsive full-width  img-responsive full-width ff-post-featured-image\"  src=\"https:\/\/www.tekim.hr\/wp-content\/uploads\/2022\/01\/tekim-proizvodi-paneli-01.jpg\"  alt=\"tekim-proizvodi-paneli-01\"><\/a><div class=\"theme-icons-wrap theme-portfolio-lightbox\"><a href=\"https:\/\/www.tekim.hr\/wp-content\/uploads\/2022\/01\/tekim-proizvodi-paneli-01.jpg\" class=\"cbp-lightbox\" data-title=\"\"><\/a><\/div><\/div><\/div><\/div><div class=\"cbp-item theme-portfolio-item-v2  fg-text-dark ffb-post-wrapper\"><div class=\"cbp-caption fg-text-dark ffb-featured-image-1\"><div class=\"cbp-caption-defaultWrap theme-portfolio-active-wrap\"><a href=\"https:\/\/www.tekim.hr\/wp-content\/uploads\/2022\/01\/tekim-proizvodi-paneli-02.jpg\" class=\"cbp-lightbox\" data-title=\"\"><img decoding=\"async\" class=\" img-responsive full-width  img-responsive full-width ff-post-featured-image\"  src=\"https:\/\/www.tekim.hr\/wp-content\/uploads\/2022\/01\/tekim-proizvodi-paneli-02.jpg\"  alt=\"tekim-proizvodi-paneli-02\"><\/a><div class=\"theme-icons-wrap theme-portfolio-lightbox\"><a href=\"https:\/\/www.tekim.hr\/wp-content\/uploads\/2022\/01\/tekim-proizvodi-paneli-02.jpg\" class=\"cbp-lightbox\" data-title=\"\"><\/a><\/div><\/div><\/div><\/div><div class=\"cbp-item theme-portfolio-item-v2  fg-text-dark ffb-post-wrapper\"><div class=\"cbp-caption fg-text-dark ffb-featured-image-1\"><div class=\"cbp-caption-defaultWrap theme-portfolio-active-wrap\"><a href=\"https:\/\/www.tekim.hr\/wp-content\/uploads\/2022\/01\/tekim-proizvodi-paneli-03.jpg\" class=\"cbp-lightbox\" data-title=\"\"><img decoding=\"async\" class=\" img-responsive full-width  img-responsive full-width ff-post-featured-image\"  src=\"https:\/\/www.tekim.hr\/wp-content\/uploads\/2022\/01\/tekim-proizvodi-paneli-03.jpg\"  alt=\"tekim-proizvodi-paneli-03\"><\/a><div class=\"theme-icons-wrap theme-portfolio-lightbox\"><a href=\"https:\/\/www.tekim.hr\/wp-content\/uploads\/2022\/01\/tekim-proizvodi-paneli-03.jpg\" class=\"cbp-lightbox\" data-title=\"\"><\/a><\/div><\/div><\/div><\/div><div class=\"cbp-item theme-portfolio-item-v2  fg-text-dark ffb-post-wrapper\"><div class=\"cbp-caption fg-text-dark ffb-featured-image-1\"><div class=\"cbp-caption-defaultWrap theme-portfolio-active-wrap\"><a href=\"https:\/\/www.tekim.hr\/wp-content\/uploads\/2022\/01\/tekim-proizvodi-paneli-04.jpg\" class=\"cbp-lightbox\" data-title=\"\"><img decoding=\"async\" class=\" img-responsive full-width  img-responsive full-width ff-post-featured-image\"  src=\"https:\/\/www.tekim.hr\/wp-content\/uploads\/2022\/01\/tekim-proizvodi-paneli-04.jpg\"  alt=\"tekim-proizvodi-paneli-04\"><\/a><div class=\"theme-icons-wrap theme-portfolio-lightbox\"><a href=\"https:\/\/www.tekim.hr\/wp-content\/uploads\/2022\/01\/tekim-proizvodi-paneli-04.jpg\" class=\"cbp-lightbox\" data-title=\"\"><\/a><\/div><\/div><\/div><\/div><div class=\"cbp-item theme-portfolio-item-v2  fg-text-dark ffb-post-wrapper\"><div class=\"cbp-caption fg-text-dark ffb-featured-image-1\"><div class=\"cbp-caption-defaultWrap theme-portfolio-active-wrap\"><a href=\"https:\/\/www.tekim.hr\/wp-content\/uploads\/2022\/01\/tekim-proizvodi-paneli-05.jpg\" class=\"cbp-lightbox\" data-title=\"\"><img decoding=\"async\" class=\" img-responsive full-width  img-responsive full-width ff-post-featured-image\"  src=\"https:\/\/www.tekim.hr\/wp-content\/uploads\/2022\/01\/tekim-proizvodi-paneli-05.jpg\"  alt=\"tekim-proizvodi-paneli-05\"><\/a><div class=\"theme-icons-wrap theme-portfolio-lightbox\"><a href=\"https:\/\/www.tekim.hr\/wp-content\/uploads\/2022\/01\/tekim-proizvodi-paneli-05.jpg\" class=\"cbp-lightbox\" data-title=\"\"><\/a><\/div><\/div><\/div><\/div><div class=\"cbp-item theme-portfolio-item-v2  fg-text-dark ffb-post-wrapper\"><div class=\"cbp-caption fg-text-dark ffb-featured-image-1\"><div class=\"cbp-caption-defaultWrap theme-portfolio-active-wrap\"><a href=\"https:\/\/www.tekim.hr\/wp-content\/uploads\/2022\/01\/tekim-proizvodi-paneli-06.jpg\" class=\"cbp-lightbox\" data-title=\"\"><img decoding=\"async\" class=\" img-responsive full-width  img-responsive full-width ff-post-featured-image\"  src=\"https:\/\/www.tekim.hr\/wp-content\/uploads\/2022\/01\/tekim-proizvodi-paneli-06.jpg\"  alt=\"tekim-proizvodi-paneli-06\"><\/a><div class=\"theme-icons-wrap theme-portfolio-lightbox\"><a href=\"https:\/\/www.tekim.hr\/wp-content\/uploads\/2022\/01\/tekim-proizvodi-paneli-06.jpg\" class=\"cbp-lightbox\" data-title=\"\"><\/a><\/div><\/div><\/div><\/div><div class=\"cbp-item theme-portfolio-item-v2  fg-text-dark ffb-post-wrapper\"><div class=\"cbp-caption fg-text-dark ffb-featured-image-1\"><div class=\"cbp-caption-defaultWrap theme-portfolio-active-wrap\"><a href=\"https:\/\/www.tekim.hr\/wp-content\/uploads\/2022\/01\/tekim-proizvodi-paneli-07.jpg\" class=\"cbp-lightbox\" data-title=\"\"><img decoding=\"async\" class=\" img-responsive full-width  img-responsive full-width ff-post-featured-image\"  src=\"https:\/\/www.tekim.hr\/wp-content\/uploads\/2022\/01\/tekim-proizvodi-paneli-07.jpg\"  alt=\"tekim-proizvodi-paneli-07\"><\/a><div class=\"theme-icons-wrap theme-portfolio-lightbox\"><a href=\"https:\/\/www.tekim.hr\/wp-content\/uploads\/2022\/01\/tekim-proizvodi-paneli-07.jpg\" class=\"cbp-lightbox\" data-title=\"\"><\/a><\/div><\/div><\/div><\/div><div class=\"cbp-item theme-portfolio-item-v2  fg-text-dark ffb-post-wrapper\"><div class=\"cbp-caption fg-text-dark ffb-featured-image-1\"><div class=\"cbp-caption-defaultWrap theme-portfolio-active-wrap\"><a href=\"https:\/\/www.tekim.hr\/wp-content\/uploads\/2022\/01\/tekim-proizvodi-paneli-08.jpg\" class=\"cbp-lightbox\" data-title=\"\"><img decoding=\"async\" class=\" img-responsive full-width  img-responsive full-width ff-post-featured-image\"  src=\"https:\/\/www.tekim.hr\/wp-content\/uploads\/2022\/01\/tekim-proizvodi-paneli-08.jpg\"  alt=\"tekim-proizvodi-paneli-08\"><\/a><div class=\"theme-icons-wrap theme-portfolio-lightbox\"><a href=\"https:\/\/www.tekim.hr\/wp-content\/uploads\/2022\/01\/tekim-proizvodi-paneli-08.jpg\" class=\"cbp-lightbox\" data-title=\"\"><\/a><\/div><\/div><\/div><\/div><div class=\"cbp-item theme-portfolio-item-v2  fg-text-dark ffb-post-wrapper\"><div class=\"cbp-caption fg-text-dark ffb-featured-image-1\"><div class=\"cbp-caption-defaultWrap theme-portfolio-active-wrap\"><a href=\"https:\/\/www.tekim.hr\/wp-content\/uploads\/2022\/01\/tekim-proizvodi-paneli-09.jpg\" class=\"cbp-lightbox\" data-title=\"\"><img decoding=\"async\" class=\" img-responsive full-width  img-responsive full-width ff-post-featured-image\"  src=\"https:\/\/www.tekim.hr\/wp-content\/uploads\/2022\/01\/tekim-proizvodi-paneli-09.jpg\"  alt=\"tekim-proizvodi-paneli-09\"><\/a><div class=\"theme-icons-wrap theme-portfolio-lightbox\"><a href=\"https:\/\/www.tekim.hr\/wp-content\/uploads\/2022\/01\/tekim-proizvodi-paneli-09.jpg\" class=\"cbp-lightbox\" data-title=\"\"><\/a><\/div><\/div><\/div><\/div><div class=\"cbp-item theme-portfolio-item-v2  fg-text-dark ffb-post-wrapper\"><div class=\"cbp-caption fg-text-dark ffb-featured-image-1\"><div class=\"cbp-caption-defaultWrap theme-portfolio-active-wrap\"><a href=\"https:\/\/www.tekim.hr\/wp-content\/uploads\/2022\/01\/tekim-proizvodi-paneli-10.jpg\" class=\"cbp-lightbox\" data-title=\"\"><img decoding=\"async\" class=\" img-responsive full-width  img-responsive full-width ff-post-featured-image\"  src=\"https:\/\/www.tekim.hr\/wp-content\/uploads\/2022\/01\/tekim-proizvodi-paneli-10.jpg\"  alt=\"tekim-proizvodi-paneli-10\"><\/a><div class=\"theme-icons-wrap theme-portfolio-lightbox\"><a href=\"https:\/\/www.tekim.hr\/wp-content\/uploads\/2022\/01\/tekim-proizvodi-paneli-10.jpg\" class=\"cbp-lightbox\" data-title=\"\"><\/a><\/div><\/div><\/div><\/div><\/div><\/div><\/section><\/div><\/div><\/div><\/section><style>.ffb-id-5cffak8q > .fg-container > .fg-row{ margin-left:-10px;margin-right:-10px;}.ffb-id-5cffak8q > .fg-container  > .fg-row > .fg-col{ padding-left:10px;padding-right:10px}.ffb-id-5cffak8q{ margin-top: -30px;}@media (min-width:992px) { .ffb-id-5cffak8q{ margin-right: 30px;margin-left: 30px;}}.ffb-id-5cikr23g .ff-lightbox-icon{ background-color: #ffffff !important;}.ffb-id-5cikr23g .ff-lightbox-icon:hover{ background-color: #0858c1 !important;}.ffb-id-5cikr23g .cbp-item .cbp-item-wrapper{ padding: 5px;}.ffb-id-5cikr23g{ margin-top: 0px;margin-bottom: 0px;padding-top: 0px;padding-bottom: 0px;}.ffb-id-5ijh4v5j{ padding-bottom: 40px;}@media (min-width:992px) { .ffb-id-5ijh4v5j{ padding-bottom: 60px;}}.ffb-id-5ijh4v5j .ffb-id-5ijh4v66{ margin-right: 0px;margin-left: 0px;padding-right: 0px;padding-left: 0px;}@media (min-width:992px) { .ffb-id-5ijh4v5j .ffb-id-5ijh4v66{ margin-right: 15px;margin-left: 15px;}}.ffb-id-5ijh4v6a{ margin-bottom: 10px;}.ffb-id-5ijh4v6a ,.ffb-id-5ijh4v6a:before,.ffb-id-5ijh4v6a:after,.ffb-id-5ijh4v6a *,.ffb-id-5ijh4v6a *:before,.ffb-id-5ijh4v6a *:after{ color: #123579 !important;}.ffb-id-5ijh4v5j .ffb-id-5ijh4v61{ margin-right: 0px;margin-left: 0px;padding-right: 0px;padding-left: 0px;}@media (min-width:992px) { .ffb-id-5ijh4v5j .ffb-id-5ijh4v61{ margin-right: 15px;margin-left: 15px;}}.ffb-id-5ijh4v65{ margin-bottom: 10px;}.ffb-id-5ijh4v65 ,.ffb-id-5ijh4v65:before,.ffb-id-5ijh4v65:after,.ffb-id-5ijh4v65 *,.ffb-id-5ijh4v65 *:before,.ffb-id-5ijh4v65 *:after{ color: #123579 !important;}.ffb-id-5cffak8r{ padding-bottom: 20px;}@media (min-width:992px) { .ffb-id-5cffak8r{ padding-right: 30px;padding-bottom: 40px;padding-left: 30px;}}.ffb-id-5ihpnou8{ padding-bottom: 15px;}.ffb-id-5ihpnou8{ font-size: 14px !important;font-weight: 400 !important;}.ffb-id-5ihpnou8 ,.ffb-id-5ihpnou8:before,.ffb-id-5ihpnou8:after,.ffb-id-5ihpnou8:hover,.ffb-id-5ihpnou8:focus,.ffb-id-5ihpnou8 *,.ffb-id-5ihpnou8 *:before,.ffb-id-5ihpnou8 *:after,.ffb-id-5ihpnou8 *:hover,.ffb-id-5ihpnou8 *:focus{ font-size: 14px !important;font-weight: 400 !important;}@media (min-width:992px) { .ffb-id-5ihpnou8{ font-size: 18px !important;}}@media (min-width:992px) { .ffb-id-5ihpnou8 ,.ffb-id-5ihpnou8:before,.ffb-id-5ihpnou8:after,.ffb-id-5ihpnou8:hover,.ffb-id-5ihpnou8:focus,.ffb-id-5ihpnou8 *,.ffb-id-5ihpnou8 *:before,.ffb-id-5ihpnou8 *:after,.ffb-id-5ihpnou8 *:hover,.ffb-id-5ihpnou8 *:focus{ font-size: 18px !important;}}.ffb-id-5ihpon38{ padding-left: 20px;}.ffb-id-5cffak8r .ffb-id-5ijk4ksk{ margin-top: -10px;}@media (min-width:992px) { .ffb-id-5cffak8r .ffb-id-5ijk4ksk{ margin-top: 0px;}}.ffb-id-5ijk4ksl{ font-size: 14px !important;font-weight: 400 !important;}.ffb-id-5ijk4ksl ,.ffb-id-5ijk4ksl:before,.ffb-id-5ijk4ksl:after,.ffb-id-5ijk4ksl:hover,.ffb-id-5ijk4ksl:focus,.ffb-id-5ijk4ksl *,.ffb-id-5ijk4ksl *:before,.ffb-id-5ijk4ksl *:after,.ffb-id-5ijk4ksl *:hover,.ffb-id-5ijk4ksl *:focus{ font-size: 14px !important;font-weight: 400 !important;}@media (min-width:992px) { .ffb-id-5ijk4ksl{ font-size: 18px !important;}}@media (min-width:992px) { .ffb-id-5ijk4ksl ,.ffb-id-5ijk4ksl:before,.ffb-id-5ijk4ksl:after,.ffb-id-5ijk4ksl:hover,.ffb-id-5ijk4ksl:focus,.ffb-id-5ijk4ksl *,.ffb-id-5ijk4ksl *:before,.ffb-id-5ijk4ksl *:after,.ffb-id-5ijk4ksl *:hover,.ffb-id-5ijk4ksl *:focus{ font-size: 18px !important;}}.ffb-id-5cffak8r .ffb-id-5ihpq3n0{ margin-top: -10px;}@media (min-width:992px) { .ffb-id-5cffak8r .ffb-id-5ihpq3n0{ margin-top: 0px;}}.ffb-id-5ijk6cg5{ font-size: 14px !important;font-weight: 400 !important;}.ffb-id-5ijk6cg5 ,.ffb-id-5ijk6cg5:before,.ffb-id-5ijk6cg5:after,.ffb-id-5ijk6cg5:hover,.ffb-id-5ijk6cg5:focus,.ffb-id-5ijk6cg5 *,.ffb-id-5ijk6cg5 *:before,.ffb-id-5ijk6cg5 *:after,.ffb-id-5ijk6cg5 *:hover,.ffb-id-5ijk6cg5 *:focus{ font-size: 14px !important;font-weight: 400 !important;}@media (min-width:992px) { .ffb-id-5ijk6cg5{ font-size: 18px !important;}}@media (min-width:992px) { .ffb-id-5ijk6cg5 ,.ffb-id-5ijk6cg5:before,.ffb-id-5ijk6cg5:after,.ffb-id-5ijk6cg5:hover,.ffb-id-5ijk6cg5:focus,.ffb-id-5ijk6cg5 *,.ffb-id-5ijk6cg5 *:before,.ffb-id-5ijk6cg5 *:after,.ffb-id-5ijk6cg5 *:hover,.ffb-id-5ijk6cg5 *:focus{ font-size: 18px !important;}}.ffb-id-5cffak8r .ffb-id-5ihpoq3q{ font-weight: 400 !important;}.ffb-id-5cffak8r .ffb-id-5ihpoq3q ,.ffb-id-5cffak8r .ffb-id-5ihpoq3q:before,.ffb-id-5cffak8r .ffb-id-5ihpoq3q:after,.ffb-id-5cffak8r .ffb-id-5ihpoq3q:hover,.ffb-id-5cffak8r .ffb-id-5ihpoq3q:focus,.ffb-id-5cffak8r .ffb-id-5ihpoq3q *,.ffb-id-5cffak8r .ffb-id-5ihpoq3q *:before,.ffb-id-5cffak8r .ffb-id-5ihpoq3q *:after,.ffb-id-5cffak8r .ffb-id-5ihpoq3q *:hover,.ffb-id-5cffak8r .ffb-id-5ihpoq3q *:focus{ font-weight: 400 !important;}.ffb-id-5ihpp33u{ font-size: 14px !important;}.ffb-id-5ihpp33u ,.ffb-id-5ihpp33u:before,.ffb-id-5ihpp33u:after,.ffb-id-5ihpp33u:hover,.ffb-id-5ihpp33u:focus,.ffb-id-5ihpp33u *,.ffb-id-5ihpp33u *:before,.ffb-id-5ihpp33u *:after,.ffb-id-5ihpp33u *:hover,.ffb-id-5ihpp33u *:focus{ font-size: 14px !important;}@media (min-width:992px) { .ffb-id-5ihpp33u{ font-size: 18px !important;}}@media (min-width:992px) { .ffb-id-5ihpp33u ,.ffb-id-5ihpp33u:before,.ffb-id-5ihpp33u:after,.ffb-id-5ihpp33u:hover,.ffb-id-5ihpp33u:focus,.ffb-id-5ihpp33u *,.ffb-id-5ihpp33u *:before,.ffb-id-5ihpp33u *:after,.ffb-id-5ihpp33u *:hover,.ffb-id-5ihpp33u *:focus{ font-size: 18px !important;}}.ffb-id-5c6c6fbe{ font-size: 14px !important;font-weight: 400 !important;}.ffb-id-5c6c6fbe ,.ffb-id-5c6c6fbe:before,.ffb-id-5c6c6fbe:after,.ffb-id-5c6c6fbe:hover,.ffb-id-5c6c6fbe:focus,.ffb-id-5c6c6fbe *,.ffb-id-5c6c6fbe *:before,.ffb-id-5c6c6fbe *:after,.ffb-id-5c6c6fbe *:hover,.ffb-id-5c6c6fbe *:focus{ font-size: 14px !important;font-weight: 400 !important;}@media (min-width:992px) { .ffb-id-5c6c6fbe{ font-size: 18px !important;}}@media (min-width:992px) { .ffb-id-5c6c6fbe ,.ffb-id-5c6c6fbe:before,.ffb-id-5c6c6fbe:after,.ffb-id-5c6c6fbe:hover,.ffb-id-5c6c6fbe:focus,.ffb-id-5c6c6fbe *,.ffb-id-5c6c6fbe *:before,.ffb-id-5c6c6fbe *:after,.ffb-id-5c6c6fbe *:hover,.ffb-id-5c6c6fbe *:focus{ font-size: 18px !important;}}.ffb-id-5c6amvgr ,.ffb-id-5c6amvgr:before,.ffb-id-5c6amvgr:after,.ffb-id-5c6amvgr *,.ffb-id-5c6amvgr *:before,.ffb-id-5c6amvgr *:after{ color: #123579 !important;}.ffb-id-5c6amvgr{ font-size: 20px !important;line-height: 1.2em !important;font-weight: 700 !important;}.ffb-id-5c6amvgr ,.ffb-id-5c6amvgr:before,.ffb-id-5c6amvgr:after,.ffb-id-5c6amvgr:hover,.ffb-id-5c6amvgr:focus,.ffb-id-5c6amvgr *,.ffb-id-5c6amvgr *:before,.ffb-id-5c6amvgr *:after,.ffb-id-5c6amvgr *:hover,.ffb-id-5c6amvgr *:focus{ font-size: 20px !important;line-height: 1.2em !important;font-weight: 700 !important;}@media (min-width:992px) { .ffb-id-5c6amvgr{ font-size: 28px !important;}}@media (min-width:992px) { .ffb-id-5c6amvgr ,.ffb-id-5c6amvgr:before,.ffb-id-5c6amvgr:after,.ffb-id-5c6amvgr:hover,.ffb-id-5c6amvgr:focus,.ffb-id-5c6amvgr *,.ffb-id-5c6amvgr *:before,.ffb-id-5c6amvgr *:after,.ffb-id-5c6amvgr *:hover,.ffb-id-5c6amvgr *:focus{ font-size: 28px !important;}}<\/style><script type=\"text\/javascript\"><\/script>\n","protected":false},"excerpt":{"rendered":"","protected":false},"author":1,"featured_media":1578,"parent":75,"menu_order":11,"comment_status":"closed","ping_status":"closed","template":"","meta":{"_acf_changed":false,"footnotes":""},"class_list":["post-1536","page","type-page","status-publish","has-post-thumbnail","hentry","post-wrapper"],"acf":[],"_links":{"self":[{"href":"https:\/\/www.tekim.hr\/hu\/wp-json\/wp\/v2\/pages\/1536","targetHints":{"allow":["GET"]}}],"collection":[{"href":"https:\/\/www.tekim.hr\/hu\/wp-json\/wp\/v2\/pages"}],"about":[{"href":"https:\/\/www.tekim.hr\/hu\/wp-json\/wp\/v2\/types\/page"}],"author":[{"embeddable":true,"href":"https:\/\/www.tekim.hr\/hu\/wp-json\/wp\/v2\/users\/1"}],"replies":[{"embeddable":true,"href":"https:\/\/www.tekim.hr\/hu\/wp-json\/wp\/v2\/comments?post=1536"}],"version-history":[{"count":10,"href":"https:\/\/www.tekim.hr\/hu\/wp-json\/wp\/v2\/pages\/1536\/revisions"}],"predecessor-version":[{"id":1845,"href":"https:\/\/www.tekim.hr\/hu\/wp-json\/wp\/v2\/pages\/1536\/revisions\/1845"}],"up":[{"embeddable":true,"href":"https:\/\/www.tekim.hr\/hu\/wp-json\/wp\/v2\/pages\/75"}],"wp:featuredmedia":[{"embeddable":true,"href":"https:\/\/www.tekim.hr\/hu\/wp-json\/wp\/v2\/media\/1578"}],"wp:attachment":[{"href":"https:\/\/www.tekim.hr\/hu\/wp-json\/wp\/v2\/media?parent=1536"}],"curies":[{"name":"wp","href":"https:\/\/api.w.org\/{rel}","templated":true}]}}