{"id":1321,"date":"2021-11-18T00:25:34","date_gmt":"2021-11-17T23:25:34","guid":{"rendered":"https:\/\/novo.tekim.hr\/?page_id=1321"},"modified":"2022-05-26T15:56:32","modified_gmt":"2022-05-26T13:56:32","slug":"zigovi-za-kozu","status":"publish","type":"page","link":"https:\/\/www.tekim.hr\/hu\/proizvodi\/zigovi-za-kozu\/","title":{"rendered":"\u017digovi za ko\u017eu"},"content":{"rendered":"<section class=\"ffb-id-5cffak8q fg-section fg-text-dark\"><div class=\"fg-container container fg-container-large fg-container-lvl--1 \"><div class=\"fg-row row    \" ><div class=\"ffb-id-5cffak8r fg-col col-xs-12 col-md-12 fg-el-has-bg fg-text-dark\"><span class=\"fg-bg\"><span data-fg-bg=\"{&quot;type&quot;:&quot;color&quot;,&quot;opacity&quot;:1,&quot;color&quot;:&quot;#ffffff&quot;}\" class=\"fg-bg-layer fg-bg-type-color \" style=\"opacity: 1; background-color: #ffffff;\"><\/span><\/span><div class=\"ffb-id-5cns76mf fg-text-dark\">[ff_template id='1169']<\/div><h1 class=\"ffb-id-5c6amvgr fg-heading text-left    fg-text-dark\">\u017dIGOVI ZA KO\u017dU<\/h1><div class=\"ffb-id-5c6c6fbe fg-paragraph ff-richtext text-left    fg-text-dark\"><\/p>\n<p>Za utiskivanje razli\u010ditih uzoraka, crte\u017ea, logotipa i natpisa na povr&scaron;inu ko\u017ee (cipele, ko\u017ene jakne, torbice, nov\u010danici, remeni i sl.) koriste se sve vrste \u017eigova kao i svi 3D oblici \u017eigova.<\/p>\n<p><\/div><\/div><div class=\"ffb-id-5cikq9l7 fg-col col-xs-12 col-md-12 fg-text-dark\"><section class=\"ffb-id-5cikr23g ff-portfolio-columns-js theme-portfolio portfolio-classic-1 ff-gallery-based-on-portfolio fg-text-dark\" data-settings=\"{&quot;portfolio-type&quot;:&quot;grid&quot;,&quot;columns-lg&quot;:&quot;3&quot;,&quot;columns-md&quot;:&quot;3&quot;,&quot;columns-sm&quot;:&quot;2&quot;,&quot;columns-xs&quot;:&quot;1&quot;,&quot;vertical-gap&quot;:30,&quot;horizontal-gap&quot;:30,&quot;default-filter&quot;:&quot;*&quot;,&quot;lightbox-counter&quot;:&quot;&quot;,&quot;points-to&quot;:&quot;cbp-lightbox&quot;,&quot;portfolio-animation&quot;:&quot;fadeInToTop&quot;,&quot;display-type-speed&quot;:&quot;500&quot;,&quot;lightbox-gallery&quot;:true}\"><div class=\"ff-portfolio-grid-wrapper\"><div class=\"ff-portfolio-grid cbp\"><div class=\"cbp-item theme-portfolio-item-v2  fg-text-dark ffb-post-wrapper\"><div class=\"cbp-caption fg-text-dark ffb-featured-image-1\"><div class=\"cbp-caption-defaultWrap theme-portfolio-active-wrap\"><a href=\"https:\/\/www.tekim.hr\/wp-content\/uploads\/2021\/11\/tekim-proizvodi-zigovi-za-kozu-01.jpg\" class=\"cbp-lightbox\" data-title=\"\"><img decoding=\"async\" class=\" img-responsive full-width  img-responsive full-width ff-post-featured-image\"  src=\"https:\/\/www.tekim.hr\/wp-content\/uploads\/2021\/11\/tekim-proizvodi-zigovi-za-kozu-01.jpg\"  alt=\"tekim-proizvodi-zigovi-za-kozu-01\"><\/a><div class=\"theme-icons-wrap theme-portfolio-lightbox\"><a href=\"https:\/\/www.tekim.hr\/wp-content\/uploads\/2021\/11\/tekim-proizvodi-zigovi-za-kozu-01.jpg\" class=\"cbp-lightbox\" data-title=\"\"><\/a><\/div><\/div><\/div><\/div><div class=\"cbp-item theme-portfolio-item-v2  fg-text-dark ffb-post-wrapper\"><div class=\"cbp-caption fg-text-dark ffb-featured-image-1\"><div class=\"cbp-caption-defaultWrap theme-portfolio-active-wrap\"><a href=\"https:\/\/www.tekim.hr\/wp-content\/uploads\/2021\/11\/tekim-proizvodi-zigovi-za-kozu-02.jpg\" class=\"cbp-lightbox\" data-title=\"\"><img decoding=\"async\" class=\" img-responsive full-width  img-responsive full-width ff-post-featured-image\"  src=\"https:\/\/www.tekim.hr\/wp-content\/uploads\/2021\/11\/tekim-proizvodi-zigovi-za-kozu-02.jpg\"  alt=\"tekim-proizvodi-zigovi-za-kozu-02\"><\/a><div class=\"theme-icons-wrap theme-portfolio-lightbox\"><a href=\"https:\/\/www.tekim.hr\/wp-content\/uploads\/2021\/11\/tekim-proizvodi-zigovi-za-kozu-02.jpg\" class=\"cbp-lightbox\" data-title=\"\"><\/a><\/div><\/div><\/div><\/div><div class=\"cbp-item theme-portfolio-item-v2  fg-text-dark ffb-post-wrapper\"><div class=\"cbp-caption fg-text-dark ffb-featured-image-1\"><div class=\"cbp-caption-defaultWrap theme-portfolio-active-wrap\"><a href=\"https:\/\/www.tekim.hr\/wp-content\/uploads\/2021\/11\/tekim-proizvodi-zigovi-za-kozu-03.jpg\" class=\"cbp-lightbox\" data-title=\"\"><img decoding=\"async\" class=\" img-responsive full-width  img-responsive full-width ff-post-featured-image\"  src=\"https:\/\/www.tekim.hr\/wp-content\/uploads\/2021\/11\/tekim-proizvodi-zigovi-za-kozu-03.jpg\"  alt=\"tekim-proizvodi-zigovi-za-kozu-03\"><\/a><div class=\"theme-icons-wrap theme-portfolio-lightbox\"><a href=\"https:\/\/www.tekim.hr\/wp-content\/uploads\/2021\/11\/tekim-proizvodi-zigovi-za-kozu-03.jpg\" class=\"cbp-lightbox\" data-title=\"\"><\/a><\/div><\/div><\/div><\/div><div class=\"cbp-item theme-portfolio-item-v2  fg-text-dark ffb-post-wrapper\"><div class=\"cbp-caption fg-text-dark ffb-featured-image-1\"><div class=\"cbp-caption-defaultWrap theme-portfolio-active-wrap\"><a href=\"https:\/\/www.tekim.hr\/wp-content\/uploads\/2021\/11\/tekim-proizvodi-zigovi-za-kozu-04.jpg\" class=\"cbp-lightbox\" data-title=\"\"><img decoding=\"async\" class=\" img-responsive full-width  img-responsive full-width ff-post-featured-image\"  src=\"https:\/\/www.tekim.hr\/wp-content\/uploads\/2021\/11\/tekim-proizvodi-zigovi-za-kozu-04.jpg\"  alt=\"tekim-proizvodi-zigovi-za-kozu-04\"><\/a><div class=\"theme-icons-wrap theme-portfolio-lightbox\"><a href=\"https:\/\/www.tekim.hr\/wp-content\/uploads\/2021\/11\/tekim-proizvodi-zigovi-za-kozu-04.jpg\" class=\"cbp-lightbox\" data-title=\"\"><\/a><\/div><\/div><\/div><\/div><div class=\"cbp-item theme-portfolio-item-v2  fg-text-dark ffb-post-wrapper\"><div class=\"cbp-caption fg-text-dark ffb-featured-image-1\"><div class=\"cbp-caption-defaultWrap theme-portfolio-active-wrap\"><a href=\"https:\/\/www.tekim.hr\/wp-content\/uploads\/2021\/11\/tekim-proizvodi-zigovi-za-kozu-05.jpg\" class=\"cbp-lightbox\" data-title=\"\"><img decoding=\"async\" class=\" img-responsive full-width  img-responsive full-width ff-post-featured-image\"  src=\"https:\/\/www.tekim.hr\/wp-content\/uploads\/2021\/11\/tekim-proizvodi-zigovi-za-kozu-05.jpg\"  alt=\"tekim-proizvodi-zigovi-za-kozu-05\"><\/a><div class=\"theme-icons-wrap theme-portfolio-lightbox\"><a href=\"https:\/\/www.tekim.hr\/wp-content\/uploads\/2021\/11\/tekim-proizvodi-zigovi-za-kozu-05.jpg\" class=\"cbp-lightbox\" data-title=\"\"><\/a><\/div><\/div><\/div><\/div><div class=\"cbp-item theme-portfolio-item-v2  fg-text-dark ffb-post-wrapper\"><div class=\"cbp-caption fg-text-dark ffb-featured-image-1\"><div class=\"cbp-caption-defaultWrap theme-portfolio-active-wrap\"><a href=\"https:\/\/www.tekim.hr\/wp-content\/uploads\/2021\/11\/tekim-proizvodi-zigovi-za-kozu-06.jpg\" class=\"cbp-lightbox\" data-title=\"\"><img decoding=\"async\" class=\" img-responsive full-width  img-responsive full-width ff-post-featured-image\"  src=\"https:\/\/www.tekim.hr\/wp-content\/uploads\/2021\/11\/tekim-proizvodi-zigovi-za-kozu-06.jpg\"  alt=\"tekim-proizvodi-zigovi-za-kozu-06\"><\/a><div class=\"theme-icons-wrap theme-portfolio-lightbox\"><a href=\"https:\/\/www.tekim.hr\/wp-content\/uploads\/2021\/11\/tekim-proizvodi-zigovi-za-kozu-06.jpg\" class=\"cbp-lightbox\" data-title=\"\"><\/a><\/div><\/div><\/div><\/div><div class=\"cbp-item theme-portfolio-item-v2  fg-text-dark ffb-post-wrapper\"><div class=\"cbp-caption fg-text-dark ffb-featured-image-1\"><div class=\"cbp-caption-defaultWrap theme-portfolio-active-wrap\"><a href=\"https:\/\/www.tekim.hr\/wp-content\/uploads\/2021\/11\/tekim-proizvodi-zigovi-za-kozu-07.jpg\" class=\"cbp-lightbox\" data-title=\"\"><img decoding=\"async\" class=\" img-responsive full-width  img-responsive full-width ff-post-featured-image\"  src=\"https:\/\/www.tekim.hr\/wp-content\/uploads\/2021\/11\/tekim-proizvodi-zigovi-za-kozu-07.jpg\"  alt=\"tekim-proizvodi-zigovi-za-kozu-07\"><\/a><div class=\"theme-icons-wrap theme-portfolio-lightbox\"><a href=\"https:\/\/www.tekim.hr\/wp-content\/uploads\/2021\/11\/tekim-proizvodi-zigovi-za-kozu-07.jpg\" class=\"cbp-lightbox\" data-title=\"\"><\/a><\/div><\/div><\/div><\/div><div class=\"cbp-item theme-portfolio-item-v2  fg-text-dark ffb-post-wrapper\"><div class=\"cbp-caption fg-text-dark ffb-featured-image-1\"><div class=\"cbp-caption-defaultWrap theme-portfolio-active-wrap\"><a href=\"https:\/\/www.tekim.hr\/wp-content\/uploads\/2021\/11\/tekim-proizvodi-zigovi-za-kozu-08.jpg\" class=\"cbp-lightbox\" data-title=\"\"><img decoding=\"async\" class=\" img-responsive full-width  img-responsive full-width ff-post-featured-image\"  src=\"https:\/\/www.tekim.hr\/wp-content\/uploads\/2021\/11\/tekim-proizvodi-zigovi-za-kozu-08.jpg\"  alt=\"tekim-proizvodi-zigovi-za-kozu-08\"><\/a><div class=\"theme-icons-wrap theme-portfolio-lightbox\"><a href=\"https:\/\/www.tekim.hr\/wp-content\/uploads\/2021\/11\/tekim-proizvodi-zigovi-za-kozu-08.jpg\" class=\"cbp-lightbox\" data-title=\"\"><\/a><\/div><\/div><\/div><\/div><div class=\"cbp-item theme-portfolio-item-v2  fg-text-dark ffb-post-wrapper\"><div class=\"cbp-caption fg-text-dark ffb-featured-image-1\"><div class=\"cbp-caption-defaultWrap theme-portfolio-active-wrap\"><a href=\"https:\/\/www.tekim.hr\/wp-content\/uploads\/2021\/11\/tekim-proizvodi-zigovi-za-kozu-09.jpg\" class=\"cbp-lightbox\" data-title=\"\"><img decoding=\"async\" class=\" img-responsive full-width  img-responsive full-width ff-post-featured-image\"  src=\"https:\/\/www.tekim.hr\/wp-content\/uploads\/2021\/11\/tekim-proizvodi-zigovi-za-kozu-09.jpg\"  alt=\"tekim-proizvodi-zigovi-za-kozu-09\"><\/a><div class=\"theme-icons-wrap theme-portfolio-lightbox\"><a href=\"https:\/\/www.tekim.hr\/wp-content\/uploads\/2021\/11\/tekim-proizvodi-zigovi-za-kozu-09.jpg\" class=\"cbp-lightbox\" data-title=\"\"><\/a><\/div><\/div><\/div><\/div><div class=\"cbp-item theme-portfolio-item-v2  fg-text-dark ffb-post-wrapper\"><div class=\"cbp-caption fg-text-dark ffb-featured-image-1\"><div class=\"cbp-caption-defaultWrap theme-portfolio-active-wrap\"><a href=\"https:\/\/www.tekim.hr\/wp-content\/uploads\/2021\/11\/tekim-proizvodi-zigovi-za-kozu-10.jpg\" class=\"cbp-lightbox\" data-title=\"\"><img decoding=\"async\" class=\" img-responsive full-width  img-responsive full-width ff-post-featured-image\"  src=\"https:\/\/www.tekim.hr\/wp-content\/uploads\/2021\/11\/tekim-proizvodi-zigovi-za-kozu-10.jpg\"  alt=\"tekim-proizvodi-zigovi-za-kozu-10\"><\/a><div class=\"theme-icons-wrap theme-portfolio-lightbox\"><a href=\"https:\/\/www.tekim.hr\/wp-content\/uploads\/2021\/11\/tekim-proizvodi-zigovi-za-kozu-10.jpg\" class=\"cbp-lightbox\" data-title=\"\"><\/a><\/div><\/div><\/div><\/div><div class=\"cbp-item theme-portfolio-item-v2  fg-text-dark ffb-post-wrapper\"><div class=\"cbp-caption fg-text-dark ffb-featured-image-1\"><div class=\"cbp-caption-defaultWrap theme-portfolio-active-wrap\"><a href=\"https:\/\/www.tekim.hr\/wp-content\/uploads\/2021\/11\/tekim-proizvodi-zigovi-za-kozu-11.jpg\" class=\"cbp-lightbox\" data-title=\"\"><img decoding=\"async\" class=\" img-responsive full-width  img-responsive full-width ff-post-featured-image\"  src=\"https:\/\/www.tekim.hr\/wp-content\/uploads\/2021\/11\/tekim-proizvodi-zigovi-za-kozu-11.jpg\"  alt=\"tekim-proizvodi-zigovi-za-kozu-11\"><\/a><div class=\"theme-icons-wrap theme-portfolio-lightbox\"><a href=\"https:\/\/www.tekim.hr\/wp-content\/uploads\/2021\/11\/tekim-proizvodi-zigovi-za-kozu-11.jpg\" class=\"cbp-lightbox\" data-title=\"\"><\/a><\/div><\/div><\/div><\/div><div class=\"cbp-item theme-portfolio-item-v2  fg-text-dark ffb-post-wrapper\"><div class=\"cbp-caption fg-text-dark ffb-featured-image-1\"><div class=\"cbp-caption-defaultWrap theme-portfolio-active-wrap\"><a href=\"https:\/\/www.tekim.hr\/wp-content\/uploads\/2021\/11\/tekim-proizvodi-zigovi-za-kozu-12.jpg\" class=\"cbp-lightbox\" data-title=\"\"><img decoding=\"async\" class=\" img-responsive full-width  img-responsive full-width ff-post-featured-image\"  src=\"https:\/\/www.tekim.hr\/wp-content\/uploads\/2021\/11\/tekim-proizvodi-zigovi-za-kozu-12.jpg\"  alt=\"tekim-proizvodi-zigovi-za-kozu-12\"><\/a><div class=\"theme-icons-wrap theme-portfolio-lightbox\"><a href=\"https:\/\/www.tekim.hr\/wp-content\/uploads\/2021\/11\/tekim-proizvodi-zigovi-za-kozu-12.jpg\" class=\"cbp-lightbox\" data-title=\"\"><\/a><\/div><\/div><\/div><\/div><\/div><\/div><\/section><\/div><\/div><\/div><\/section><style>.ffb-id-5cffak8q > .fg-container > .fg-row{ margin-left:-10px;margin-right:-10px;}.ffb-id-5cffak8q > .fg-container  > .fg-row > .fg-col{ padding-left:10px;padding-right:10px}.ffb-id-5cffak8q{ margin-top: -30px;}@media (min-width:992px) { .ffb-id-5cffak8q{ margin-right: 30px;margin-left: 30px;}}.ffb-id-5cikr23g .ff-lightbox-icon{ background-color: #ffffff !important;}.ffb-id-5cikr23g .ff-lightbox-icon:hover{ background-color: #0858c1 !important;}.ffb-id-5cikr23g .cbp-item .cbp-item-wrapper{ padding: 5px;}.ffb-id-5cikr23g{ margin-top: 0px;margin-bottom: 0px;padding-top: 0px;padding-bottom: 0px;}@media (min-width:992px) { .ffb-id-5cffak8r{ padding-right: 30px;padding-left: 30px;}}.ffb-id-5c6c6fbe{ padding-bottom: 15px;}@media (min-width:992px) { .ffb-id-5c6c6fbe{ padding-bottom: 30px;}}.ffb-id-5c6c6fbe{ font-size: 14px !important;font-weight: 400 !important;}.ffb-id-5c6c6fbe ,.ffb-id-5c6c6fbe:before,.ffb-id-5c6c6fbe:after,.ffb-id-5c6c6fbe:hover,.ffb-id-5c6c6fbe:focus,.ffb-id-5c6c6fbe *,.ffb-id-5c6c6fbe *:before,.ffb-id-5c6c6fbe *:after,.ffb-id-5c6c6fbe *:hover,.ffb-id-5c6c6fbe *:focus{ font-size: 14px !important;font-weight: 400 !important;}@media (min-width:992px) { .ffb-id-5c6c6fbe{ font-size: 18px !important;}}@media (min-width:992px) { .ffb-id-5c6c6fbe ,.ffb-id-5c6c6fbe:before,.ffb-id-5c6c6fbe:after,.ffb-id-5c6c6fbe:hover,.ffb-id-5c6c6fbe:focus,.ffb-id-5c6c6fbe *,.ffb-id-5c6c6fbe *:before,.ffb-id-5c6c6fbe *:after,.ffb-id-5c6c6fbe *:hover,.ffb-id-5c6c6fbe *:focus{ font-size: 18px !important;}}.ffb-id-5c6amvgr ,.ffb-id-5c6amvgr:before,.ffb-id-5c6amvgr:after,.ffb-id-5c6amvgr *,.ffb-id-5c6amvgr *:before,.ffb-id-5c6amvgr *:after{ color: #123579 !important;}.ffb-id-5c6amvgr{ font-size: 20px !important;line-height: 1.2em !important;font-weight: 700 !important;}.ffb-id-5c6amvgr ,.ffb-id-5c6amvgr:before,.ffb-id-5c6amvgr:after,.ffb-id-5c6amvgr:hover,.ffb-id-5c6amvgr:focus,.ffb-id-5c6amvgr *,.ffb-id-5c6amvgr *:before,.ffb-id-5c6amvgr *:after,.ffb-id-5c6amvgr *:hover,.ffb-id-5c6amvgr *:focus{ font-size: 20px !important;line-height: 1.2em !important;font-weight: 700 !important;}@media (min-width:992px) { .ffb-id-5c6amvgr{ font-size: 28px !important;}}@media (min-width:992px) { .ffb-id-5c6amvgr ,.ffb-id-5c6amvgr:before,.ffb-id-5c6amvgr:after,.ffb-id-5c6amvgr:hover,.ffb-id-5c6amvgr:focus,.ffb-id-5c6amvgr *,.ffb-id-5c6amvgr *:before,.ffb-id-5c6amvgr *:after,.ffb-id-5c6amvgr *:hover,.ffb-id-5c6amvgr *:focus{ font-size: 28px !important;}}<\/style><script type=\"text\/javascript\"><\/script>\n","protected":false},"excerpt":{"rendered":"","protected":false},"author":1,"featured_media":1342,"parent":75,"menu_order":3,"comment_status":"closed","ping_status":"closed","template":"","meta":{"_acf_changed":false,"footnotes":""},"class_list":["post-1321","page","type-page","status-publish","has-post-thumbnail","hentry","post-wrapper"],"acf":[],"_links":{"self":[{"href":"https:\/\/www.tekim.hr\/hu\/wp-json\/wp\/v2\/pages\/1321","targetHints":{"allow":["GET"]}}],"collection":[{"href":"https:\/\/www.tekim.hr\/hu\/wp-json\/wp\/v2\/pages"}],"about":[{"href":"https:\/\/www.tekim.hr\/hu\/wp-json\/wp\/v2\/types\/page"}],"author":[{"embeddable":true,"href":"https:\/\/www.tekim.hr\/hu\/wp-json\/wp\/v2\/users\/1"}],"replies":[{"embeddable":true,"href":"https:\/\/www.tekim.hr\/hu\/wp-json\/wp\/v2\/comments?post=1321"}],"version-history":[{"count":5,"href":"https:\/\/www.tekim.hr\/hu\/wp-json\/wp\/v2\/pages\/1321\/revisions"}],"predecessor-version":[{"id":2211,"href":"https:\/\/www.tekim.hr\/hu\/wp-json\/wp\/v2\/pages\/1321\/revisions\/2211"}],"up":[{"embeddable":true,"href":"https:\/\/www.tekim.hr\/hu\/wp-json\/wp\/v2\/pages\/75"}],"wp:featuredmedia":[{"embeddable":true,"href":"https:\/\/www.tekim.hr\/hu\/wp-json\/wp\/v2\/media\/1342"}],"wp:attachment":[{"href":"https:\/\/www.tekim.hr\/hu\/wp-json\/wp\/v2\/media?parent=1321"}],"curies":[{"name":"wp","href":"https:\/\/api.w.org\/{rel}","templated":true}]}}