{"id":2135,"date":"2022-03-20T00:24:29","date_gmt":"2022-03-19T23:24:29","guid":{"rendered":"https:\/\/www.tekim.hr\/produkte\/maschinen-und-zubehoer-fuer-die-schuhindustrie\/presa-za-vruce-utiskivanje-zigova-na-kozu\/"},"modified":"2022-05-24T22:41:57","modified_gmt":"2022-05-24T20:41:57","slug":"presse-fuer-heissstempelpraegen","status":"publish","type":"page","link":"https:\/\/www.tekim.hr\/de\/produkte\/maschinen-und-zubehoer-fuer-die-schuhindustrie\/presse-fuer-heissstempelpraegen\/","title":{"rendered":"Presse f\u00fcr Heissstempelpr\u00e4gen"},"content":{"rendered":"<section class=\"ffb-id-5cffak8q fg-section fg-text-dark\"><div class=\"fg-container container fg-container-large fg-container-lvl--1 \"><div class=\"fg-row row    \" ><div class=\"ffb-id-5cffak8r fg-col col-xs-12 col-md-12 fg-el-has-bg fg-text-dark\"><span class=\"fg-bg\"><span data-fg-bg=\"{&quot;type&quot;:&quot;color&quot;,&quot;opacity&quot;:1,&quot;color&quot;:&quot;#ffffff&quot;}\" class=\"fg-bg-layer fg-bg-type-color \" style=\"opacity: 1; background-color: #ffffff;\"><\/span><\/span><div class=\"ffb-id-5cns76mf fg-text-dark\">[ff_template id='1169']<\/div><h1 class=\"ffb-id-5c6amvgr fg-heading text-left    fg-text-dark\">PRESSE F\u00dcR HEISSSTEMPELPR\u00c4GEN<\/h1><div class=\"ffb-id-5c6c6fbe fg-paragraph ff-richtext text-left    fg-text-dark\"><\/p>\n<p>Die TEKIM-Presse zum Hei&szlig;pr&auml;gen auf Leder ist ein unverzichtbarer Bestandteil der Ausr&uuml;stung, die bei jeder Herstellung von Schuhen und Lederwaren (Taschen, Brieftaschen, G&uuml;rtel, Lederjacken usw.) ben&ouml;tigt wird.<\/p>\n<p><\/div><div class=\"ffb-id-5ml0g87r fg-paragraph ff-richtext text-left    fg-text-dark\"><\/p>\n<p style=\"font-weight: 700 !important\">EIGENSCHAFTEN<\/p>\n<p><\/div><ul class=\"ffb-id-5ml0qjdn ffb-list lists-base fg-text-dark\"><li class=\"ffb-list-item text-left ffb-list-style-icon list-unstyled fg-text-dark ffb-list-item-1\"><i class=\"ffb-list-icon ff-font-awesome4 icon-check  fg-text-dark ffb-one-icon\"><\/i><div class=\"ffb-list-text fg-text-dark ffb-one-text\">PLUG-and-PLAY | Die Presse wird einfach angeschlossen und ist einsatzbereit<\/div><\/li><li class=\"ffb-list-item text-left ffb-list-style-icon list-unstyled fg-text-dark ffb-list-item-2\"><i class=\"ffb-list-icon ff-font-awesome4 icon-check  fg-text-dark ffb-one-icon\"><\/i><div class=\"ffb-list-text fg-text-dark ffb-one-text\">KEINE DRUCKLUFT ERFORDERLICH<\/div><\/li><li class=\"ffb-list-item text-left ffb-list-style-icon list-unstyled fg-text-dark ffb-list-item-3\"><i class=\"ffb-list-icon ff-font-awesome4 icon-check  fg-text-dark ffb-one-icon\"><\/i><div class=\"ffb-list-text fg-text-dark ffb-one-text\">Kompakt und leicht zu bewegen<\/div><\/li><li class=\"ffb-list-item text-left ffb-list-style-icon list-unstyled fg-text-dark ffb-list-item-4\"><i class=\"ffb-list-icon ff-font-awesome4 icon-check  fg-text-dark ffb-one-icon\"><\/i><div class=\"ffb-list-text fg-text-dark ffb-one-text\">Einfacher und schneller Stempelwechsel<\/div><\/li><li class=\"ffb-list-item text-left ffb-list-style-icon list-unstyled fg-text-dark ffb-list-item-5\"><i class=\"ffb-list-icon ff-font-awesome4 icon-check  fg-text-dark ffb-one-icon\"><\/i><div class=\"ffb-list-text fg-text-dark ffb-one-text\">Hochpr\u00e4zise Stempelpr\u00e4gung<\/div><\/li><li class=\"ffb-list-item text-left ffb-list-style-icon list-unstyled fg-text-dark ffb-list-item-6\"><i class=\"ffb-list-icon ff-font-awesome4 icon-check  fg-text-dark ffb-one-icon\"><\/i><div class=\"ffb-list-text fg-text-dark ffb-one-text\">Hochpr\u00e4zise Stempelpr\u00e4gung<\/div><\/li><li class=\"ffb-list-item text-left ffb-list-style-icon list-unstyled fg-text-dark ffb-list-item-7\"><i class=\"ffb-list-icon ff-font-awesome4 icon-check  fg-text-dark ffb-one-icon\"><\/i><div class=\"ffb-list-text fg-text-dark ffb-one-text\">M\u00f6glichkeit, erstellte Programme f\u00fcr die zuk\u00fcnftige Verwendung zu speichern<\/div><\/li><li class=\"ffb-list-item text-left ffb-list-style-icon list-unstyled fg-text-dark ffb-list-item-8\"><i class=\"ffb-list-icon ff-font-awesome4 icon-check  fg-text-dark ffb-one-icon\"><\/i><div class=\"ffb-list-text fg-text-dark ffb-one-text\">Beweglicher Tisch mit viel Stauraum f\u00fcr Schablonen und Stempel<\/div><\/li><\/ul><div class=\"ffb-id-5ml0prak fg-paragraph ff-richtext text-left    fg-text-dark\"><\/p>\n<p>Die Stanzpresse befindet sich zentral auf dem Tisch mit den Abmessungen 1.300 x 800 mm, einstellbare Tischh&ouml;he von 760-820 mm. Der Tisch hat vier Schubladen und sechzehn F&auml;cher und zwei Kn&ouml;pfe zum Starten des Arbeitszyklus, die sich oben auf der Tischplatte befinden.<\/p>\n<p>Der Pr&auml;getisch hat Abmessungen von 500 x 400 mm und darauf sind 4 feste Bolzen und 4 optionale Bolzen positioniert, die zur besseren, genaueren und pr&auml;ziseren Positionierung des Leders dienen. Die maximale Stempelfl&auml;che betr&auml;gt 250 x 120 mm.<\/p>\n<p>Die Stanzpresse verwendet einen Elektroantrieb 230 V AC mit einem maximalen Verbrauch von 1.600 W. Die Steuerung erfolgt &uuml;ber moderne Technologie bzw den FATEK-Touchscreen. Das Men&uuml; ist in kroatischer, deutscher, englischer und slowenischer Sprache, und es besteht die M&ouml;glichkeit der Online-Wartung.<\/p>\n<p>Die Presse verwendet eine Gewindespindel f&uuml;r den Druck. Dies erm&ouml;glicht eine pr&auml;zise Einstellung des Stempeldrucks von 1 kg bis 1.200 kg. Die Presse hat auch die M&ouml;glichkeit, die Geschwindigkeit des Absenkens des Stempels &uuml;ber die Anzahl der Umdrehungen auszuw&auml;hlen.<\/p>\n<p>Die Presse verf&uuml;gt &uuml;ber ein Heizsystem, das den Stempel w&auml;hrend des Betriebs der Presse von 20 auf 200&deg;C erw&auml;rmt. Es ist auch die h&ouml;chstm&ouml;gliche Temperatur, die die Presse erreichen kann. Das Ziel des Erhitzens des Stempels ist, dass der Stempel seinen Abdruck, dh ein Muster, auf Leder, dh dem Material und der Oberfl&auml;che, auf die er gedruckt wird, hinterl&auml;sst. Der Heizbereich kann je um ein Grad angepasst werden.<\/p>\n<p><\/div><\/div><div class=\"ffb-id-5cikq9l7 fg-col col-xs-12 col-md-12 fg-text-dark\"><section class=\"ffb-id-5cikr23g ff-portfolio-columns-js theme-portfolio portfolio-classic-1 ff-gallery-based-on-portfolio fg-text-dark\" data-settings=\"{&quot;portfolio-type&quot;:&quot;grid&quot;,&quot;columns-lg&quot;:&quot;3&quot;,&quot;columns-md&quot;:&quot;3&quot;,&quot;columns-sm&quot;:&quot;2&quot;,&quot;columns-xs&quot;:&quot;1&quot;,&quot;vertical-gap&quot;:30,&quot;horizontal-gap&quot;:30,&quot;default-filter&quot;:&quot;*&quot;,&quot;lightbox-counter&quot;:&quot;&quot;,&quot;points-to&quot;:&quot;cbp-lightbox&quot;,&quot;portfolio-animation&quot;:&quot;fadeInToTop&quot;,&quot;display-type-speed&quot;:&quot;500&quot;,&quot;lightbox-gallery&quot;:true}\"><div class=\"ff-portfolio-grid-wrapper\"><div class=\"ff-portfolio-grid cbp\"><div class=\"cbp-item theme-portfolio-item-v2  fg-text-dark ffb-post-wrapper\"><div class=\"cbp-caption fg-text-dark ffb-featured-image-1\"><div class=\"cbp-caption-defaultWrap theme-portfolio-active-wrap\"><a href=\"https:\/\/www.tekim.hr\/wp-content\/uploads\/2022\/03\/tekim-proizvodi-presa-za-vruce-utiskivanje-zigova-01.jpg\" class=\"cbp-lightbox\" data-title=\"\"><img decoding=\"async\" class=\" img-responsive full-width  img-responsive full-width ff-post-featured-image\"  src=\"https:\/\/www.tekim.hr\/wp-content\/uploads\/2022\/03\/tekim-proizvodi-presa-za-vruce-utiskivanje-zigova-01.jpg\"  alt=\"tekim-proizvodi-presa-za-vruce-utiskivanje-zigova-01\"><\/a><div class=\"theme-icons-wrap theme-portfolio-lightbox\"><a href=\"https:\/\/www.tekim.hr\/wp-content\/uploads\/2022\/03\/tekim-proizvodi-presa-za-vruce-utiskivanje-zigova-01.jpg\" class=\"cbp-lightbox\" data-title=\"\"><\/a><\/div><\/div><\/div><\/div><div class=\"cbp-item theme-portfolio-item-v2  fg-text-dark ffb-post-wrapper\"><div class=\"cbp-caption fg-text-dark ffb-featured-image-1\"><div class=\"cbp-caption-defaultWrap theme-portfolio-active-wrap\"><a href=\"https:\/\/www.tekim.hr\/wp-content\/uploads\/2022\/03\/tekim-proizvodi-presa-za-vruce-utiskivanje-zigova-02.jpg\" class=\"cbp-lightbox\" data-title=\"\"><img decoding=\"async\" class=\" img-responsive full-width  img-responsive full-width ff-post-featured-image\"  src=\"https:\/\/www.tekim.hr\/wp-content\/uploads\/2022\/03\/tekim-proizvodi-presa-za-vruce-utiskivanje-zigova-02.jpg\"  alt=\"tekim-proizvodi-presa-za-vruce-utiskivanje-zigova-02\"><\/a><div class=\"theme-icons-wrap theme-portfolio-lightbox\"><a href=\"https:\/\/www.tekim.hr\/wp-content\/uploads\/2022\/03\/tekim-proizvodi-presa-za-vruce-utiskivanje-zigova-02.jpg\" class=\"cbp-lightbox\" data-title=\"\"><\/a><\/div><\/div><\/div><\/div><div class=\"cbp-item theme-portfolio-item-v2  fg-text-dark ffb-post-wrapper\"><div class=\"cbp-caption fg-text-dark ffb-featured-image-1\"><div class=\"cbp-caption-defaultWrap theme-portfolio-active-wrap\"><a href=\"https:\/\/www.tekim.hr\/wp-content\/uploads\/2022\/03\/tekim-proizvodi-presa-za-vruce-utiskivanje-zigova-03.jpg\" class=\"cbp-lightbox\" data-title=\"\"><img decoding=\"async\" class=\" img-responsive full-width  img-responsive full-width ff-post-featured-image\"  src=\"https:\/\/www.tekim.hr\/wp-content\/uploads\/2022\/03\/tekim-proizvodi-presa-za-vruce-utiskivanje-zigova-03.jpg\"  alt=\"tekim-proizvodi-presa-za-vruce-utiskivanje-zigova-03\"><\/a><div class=\"theme-icons-wrap theme-portfolio-lightbox\"><a href=\"https:\/\/www.tekim.hr\/wp-content\/uploads\/2022\/03\/tekim-proizvodi-presa-za-vruce-utiskivanje-zigova-03.jpg\" class=\"cbp-lightbox\" data-title=\"\"><\/a><\/div><\/div><\/div><\/div><div class=\"cbp-item theme-portfolio-item-v2  fg-text-dark ffb-post-wrapper\"><div class=\"cbp-caption fg-text-dark ffb-featured-image-1\"><div class=\"cbp-caption-defaultWrap theme-portfolio-active-wrap\"><a href=\"https:\/\/www.tekim.hr\/wp-content\/uploads\/2022\/03\/tekim-proizvodi-presa-za-vruce-utiskivanje-zigova-04.jpg\" class=\"cbp-lightbox\" data-title=\"\"><img decoding=\"async\" class=\" img-responsive full-width  img-responsive full-width ff-post-featured-image\"  src=\"https:\/\/www.tekim.hr\/wp-content\/uploads\/2022\/03\/tekim-proizvodi-presa-za-vruce-utiskivanje-zigova-04.jpg\"  alt=\"tekim-proizvodi-presa-za-vruce-utiskivanje-zigova-04\"><\/a><div class=\"theme-icons-wrap theme-portfolio-lightbox\"><a href=\"https:\/\/www.tekim.hr\/wp-content\/uploads\/2022\/03\/tekim-proizvodi-presa-za-vruce-utiskivanje-zigova-04.jpg\" class=\"cbp-lightbox\" data-title=\"\"><\/a><\/div><\/div><\/div><\/div><div class=\"cbp-item theme-portfolio-item-v2  fg-text-dark ffb-post-wrapper\"><div class=\"cbp-caption fg-text-dark ffb-featured-image-1\"><div class=\"cbp-caption-defaultWrap theme-portfolio-active-wrap\"><a href=\"https:\/\/www.tekim.hr\/wp-content\/uploads\/2022\/03\/tekim-proizvodi-presa-za-vruce-utiskivanje-zigova-05.jpg\" class=\"cbp-lightbox\" data-title=\"\"><img decoding=\"async\" class=\" img-responsive full-width  img-responsive full-width ff-post-featured-image\"  src=\"https:\/\/www.tekim.hr\/wp-content\/uploads\/2022\/03\/tekim-proizvodi-presa-za-vruce-utiskivanje-zigova-05.jpg\"  alt=\"tekim-proizvodi-presa-za-vruce-utiskivanje-zigova-05\"><\/a><div class=\"theme-icons-wrap theme-portfolio-lightbox\"><a href=\"https:\/\/www.tekim.hr\/wp-content\/uploads\/2022\/03\/tekim-proizvodi-presa-za-vruce-utiskivanje-zigova-05.jpg\" class=\"cbp-lightbox\" data-title=\"\"><\/a><\/div><\/div><\/div><\/div><div class=\"cbp-item theme-portfolio-item-v2  fg-text-dark ffb-post-wrapper\"><div class=\"cbp-caption fg-text-dark ffb-featured-image-1\"><div class=\"cbp-caption-defaultWrap theme-portfolio-active-wrap\"><a href=\"https:\/\/www.tekim.hr\/wp-content\/uploads\/2022\/03\/tekim-proizvodi-presa-za-vruce-utiskivanje-zigova-06.jpg\" class=\"cbp-lightbox\" data-title=\"\"><img decoding=\"async\" class=\" img-responsive full-width  img-responsive full-width ff-post-featured-image\"  src=\"https:\/\/www.tekim.hr\/wp-content\/uploads\/2022\/03\/tekim-proizvodi-presa-za-vruce-utiskivanje-zigova-06.jpg\"  alt=\"tekim-proizvodi-presa-za-vruce-utiskivanje-zigova-06\"><\/a><div class=\"theme-icons-wrap theme-portfolio-lightbox\"><a href=\"https:\/\/www.tekim.hr\/wp-content\/uploads\/2022\/03\/tekim-proizvodi-presa-za-vruce-utiskivanje-zigova-06.jpg\" class=\"cbp-lightbox\" data-title=\"\"><\/a><\/div><\/div><\/div><\/div><\/div><\/div><\/section><\/div><div class=\"ffb-id-5muofu22 fg-col col-xs-12 col-md-12 fg-text-dark\"><video class=\"ffb-id-5muofu23 fg-text-dark\" style=\"display: block; width: 100%; height: auto;margin:0 auto;\" poster=\"\/wp-content\/uploads\/2022\/03\/tekim-presa-za-vruce-utiskivanje-zigova-poster.jpg\" preload=\"none\" loop=\"loop\" controls=\"controls\">\t\n<source type=\"video\/mp4\" src=\"\/wp-content\/uploads\/2022\/03\/tekim-presa-za-vruce-utiskivanje-zigova.mp4\"><\/video><\/div><\/div><\/div><\/section><style>.ffb-id-5cffak8q > .fg-container > .fg-row{ margin-left:-10px;margin-right:-10px;}.ffb-id-5cffak8q > .fg-container  > .fg-row > .fg-col{ padding-left:10px;padding-right:10px}.ffb-id-5cffak8q{ margin-top: -30px;}@media (min-width:992px) { .ffb-id-5cffak8q{ margin-right: 30px;margin-left: 30px;}}.ffb-id-5muofu22{ padding-bottom: 20px;}@media (min-width:992px) { .ffb-id-5muofu22{ padding-bottom: 40px;}}.ffb-id-5cikr23g .ff-lightbox-icon{ background-color: #ffffff !important;}.ffb-id-5cikr23g .ff-lightbox-icon:hover{ background-color: #0858c1 !important;}.ffb-id-5cikr23g .cbp-item .cbp-item-wrapper{ padding: 5px;}.ffb-id-5cikr23g{ margin-top: 0px;margin-bottom: 0px;padding-top: 0px;padding-bottom: 0px;}@media (min-width:992px) { .ffb-id-5cffak8r{ padding-right: 30px;padding-left: 30px;}}.ffb-id-5ml0prak{ padding-top: 10px;padding-bottom: 15px;}@media (min-width:992px) { .ffb-id-5ml0prak{ padding-bottom: 30px;}}.ffb-id-5ml0prak{ font-size: 14px !important;font-weight: 400 !important;}.ffb-id-5ml0prak ,.ffb-id-5ml0prak:before,.ffb-id-5ml0prak:after,.ffb-id-5ml0prak:hover,.ffb-id-5ml0prak:focus,.ffb-id-5ml0prak *,.ffb-id-5ml0prak *:before,.ffb-id-5ml0prak *:after,.ffb-id-5ml0prak *:hover,.ffb-id-5ml0prak *:focus{ font-size: 14px !important;font-weight: 400 !important;}@media (min-width:992px) { .ffb-id-5ml0prak{ font-size: 18px !important;}}@media (min-width:992px) { .ffb-id-5ml0prak ,.ffb-id-5ml0prak:before,.ffb-id-5ml0prak:after,.ffb-id-5ml0prak:hover,.ffb-id-5ml0prak:focus,.ffb-id-5ml0prak *,.ffb-id-5ml0prak *:before,.ffb-id-5ml0prak *:after,.ffb-id-5ml0prak *:hover,.ffb-id-5ml0prak *:focus{ font-size: 18px !important;}}.ffb-id-5ml0qjdn .ffb-list-item-1{ padding-bottom: 0px;}.ffb-id-5ml0qjdn{ margin-left: 5px;}@media (min-width:992px) { .ffb-id-5ml0qjdn{ margin-left: 10px;}}.ffb-id-5ml0qjdn{ font-size: 14px !important;line-height: 1.2em !important;font-weight: 400 !important;text-align: left !important;}.ffb-id-5ml0qjdn ,.ffb-id-5ml0qjdn:before,.ffb-id-5ml0qjdn:after,.ffb-id-5ml0qjdn:hover,.ffb-id-5ml0qjdn:focus,.ffb-id-5ml0qjdn *,.ffb-id-5ml0qjdn *:before,.ffb-id-5ml0qjdn *:after,.ffb-id-5ml0qjdn *:hover,.ffb-id-5ml0qjdn *:focus{ font-size: 14px !important;line-height: 1.2em !important;font-weight: 400 !important;text-align: left !important;}@media (min-width:992px) { .ffb-id-5ml0qjdn{ font-size: 18px !important;}}@media (min-width:992px) { .ffb-id-5ml0qjdn ,.ffb-id-5ml0qjdn:before,.ffb-id-5ml0qjdn:after,.ffb-id-5ml0qjdn:hover,.ffb-id-5ml0qjdn:focus,.ffb-id-5ml0qjdn *,.ffb-id-5ml0qjdn *:before,.ffb-id-5ml0qjdn *:after,.ffb-id-5ml0qjdn *:hover,.ffb-id-5ml0qjdn *:focus{ font-size: 18px !important;}} .ffb-id-5ml0qjdn li{ margin-bottom: 4px !important;}.ffb-id-5ml0g87r{ padding-top: 10px;}.ffb-id-5ml0g87r{ font-size: 14px !important;font-weight: 400 !important;}.ffb-id-5ml0g87r ,.ffb-id-5ml0g87r:before,.ffb-id-5ml0g87r:after,.ffb-id-5ml0g87r:hover,.ffb-id-5ml0g87r:focus,.ffb-id-5ml0g87r *,.ffb-id-5ml0g87r *:before,.ffb-id-5ml0g87r *:after,.ffb-id-5ml0g87r *:hover,.ffb-id-5ml0g87r *:focus{ font-size: 14px !important;font-weight: 400 !important;}@media (min-width:992px) { .ffb-id-5ml0g87r{ font-size: 18px !important;}}@media (min-width:992px) { .ffb-id-5ml0g87r ,.ffb-id-5ml0g87r:before,.ffb-id-5ml0g87r:after,.ffb-id-5ml0g87r:hover,.ffb-id-5ml0g87r:focus,.ffb-id-5ml0g87r *,.ffb-id-5ml0g87r *:before,.ffb-id-5ml0g87r *:after,.ffb-id-5ml0g87r *:hover,.ffb-id-5ml0g87r *:focus{ font-size: 18px !important;}}.ffb-id-5c6c6fbe{ font-size: 14px !important;font-weight: 400 !important;}.ffb-id-5c6c6fbe ,.ffb-id-5c6c6fbe:before,.ffb-id-5c6c6fbe:after,.ffb-id-5c6c6fbe:hover,.ffb-id-5c6c6fbe:focus,.ffb-id-5c6c6fbe *,.ffb-id-5c6c6fbe *:before,.ffb-id-5c6c6fbe *:after,.ffb-id-5c6c6fbe *:hover,.ffb-id-5c6c6fbe *:focus{ font-size: 14px !important;font-weight: 400 !important;}@media (min-width:992px) { .ffb-id-5c6c6fbe{ font-size: 18px !important;}}@media (min-width:992px) { .ffb-id-5c6c6fbe ,.ffb-id-5c6c6fbe:before,.ffb-id-5c6c6fbe:after,.ffb-id-5c6c6fbe:hover,.ffb-id-5c6c6fbe:focus,.ffb-id-5c6c6fbe *,.ffb-id-5c6c6fbe *:before,.ffb-id-5c6c6fbe *:after,.ffb-id-5c6c6fbe *:hover,.ffb-id-5c6c6fbe *:focus{ font-size: 18px !important;}}.ffb-id-5c6amvgr ,.ffb-id-5c6amvgr:before,.ffb-id-5c6amvgr:after,.ffb-id-5c6amvgr *,.ffb-id-5c6amvgr *:before,.ffb-id-5c6amvgr *:after{ color: #123579 !important;}.ffb-id-5c6amvgr{ font-size: 20px !important;line-height: 1.2em !important;font-weight: 700 !important;}.ffb-id-5c6amvgr ,.ffb-id-5c6amvgr:before,.ffb-id-5c6amvgr:after,.ffb-id-5c6amvgr:hover,.ffb-id-5c6amvgr:focus,.ffb-id-5c6amvgr *,.ffb-id-5c6amvgr *:before,.ffb-id-5c6amvgr *:after,.ffb-id-5c6amvgr *:hover,.ffb-id-5c6amvgr *:focus{ font-size: 20px !important;line-height: 1.2em !important;font-weight: 700 !important;}@media (min-width:992px) { .ffb-id-5c6amvgr{ font-size: 28px !important;}}@media (min-width:992px) { .ffb-id-5c6amvgr ,.ffb-id-5c6amvgr:before,.ffb-id-5c6amvgr:after,.ffb-id-5c6amvgr:hover,.ffb-id-5c6amvgr:focus,.ffb-id-5c6amvgr *,.ffb-id-5c6amvgr *:before,.ffb-id-5c6amvgr *:after,.ffb-id-5c6amvgr *:hover,.ffb-id-5c6amvgr *:focus{ font-size: 28px !important;}}<\/style><script type=\"text\/javascript\"><\/script>\n","protected":false},"excerpt":{"rendered":"","protected":false},"author":1,"featured_media":1995,"parent":2114,"menu_order":1,"comment_status":"closed","ping_status":"closed","template":"","meta":{"_acf_changed":false,"footnotes":""},"class_list":["post-2135","page","type-page","status-publish","has-post-thumbnail","hentry","post-wrapper"],"acf":[],"_links":{"self":[{"href":"https:\/\/www.tekim.hr\/de\/wp-json\/wp\/v2\/pages\/2135","targetHints":{"allow":["GET"]}}],"collection":[{"href":"https:\/\/www.tekim.hr\/de\/wp-json\/wp\/v2\/pages"}],"about":[{"href":"https:\/\/www.tekim.hr\/de\/wp-json\/wp\/v2\/types\/page"}],"author":[{"embeddable":true,"href":"https:\/\/www.tekim.hr\/de\/wp-json\/wp\/v2\/users\/1"}],"replies":[{"embeddable":true,"href":"https:\/\/www.tekim.hr\/de\/wp-json\/wp\/v2\/comments?post=2135"}],"version-history":[{"count":2,"href":"https:\/\/www.tekim.hr\/de\/wp-json\/wp\/v2\/pages\/2135\/revisions"}],"predecessor-version":[{"id":2137,"href":"https:\/\/www.tekim.hr\/de\/wp-json\/wp\/v2\/pages\/2135\/revisions\/2137"}],"up":[{"embeddable":true,"href":"https:\/\/www.tekim.hr\/de\/wp-json\/wp\/v2\/pages\/2114"}],"wp:featuredmedia":[{"embeddable":true,"href":"https:\/\/www.tekim.hr\/de\/wp-json\/wp\/v2\/media\/1995"}],"wp:attachment":[{"href":"https:\/\/www.tekim.hr\/de\/wp-json\/wp\/v2\/media?parent=2135"}],"curies":[{"name":"wp","href":"https:\/\/api.w.org\/{rel}","templated":true}]}}